{"id":65,"date":"2015-07-13T11:42:25","date_gmt":"2015-07-13T10:42:25","guid":{"rendered":"http:\/\/cegarraf.cat\/index2.php\/?page_id=65"},"modified":"2026-01-22T11:02:17","modified_gmt":"2026-01-22T09:02:17","slug":"suport-a-la-tasca-docent","status":"publish","type":"page","link":"https:\/\/cegarraf.cat\/index.php\/suport-a-la-tasca-docent","title":{"rendered":"Suport a la Tasca Docent"},"content":{"rendered":"<h2>Dossier d&#8217;Activitats<\/h2>\n<p><a href=\"https:\/\/cegarraf.cat\/wp-content\/uploads\/ASTD-2025-2026.pdf\" target=\"_blank\" rel=\"noopener\">INFORMACI\u00d3 I CALENDARI<\/a><\/p>\n<h3>Cicle Inicial de Prim\u00e0ria<\/h3>\n<ul>\n<li><a href=\"https:\/\/cegarraf.cat\/wp-content\/uploads\/Informacio-Activitat-Jocs-i-esports-darreu-del-mon-2.pdf\" target=\"_blank\" rel=\"noopener\"><span class=\"pdf\">Jocs i Esports d\u2019arreu del M\u00f3n (1er i 2on)<\/span><\/a>\n<ul>\n<li><a href=\"https:\/\/cegarraf.cat\/wp-content\/uploads\/Dossier-de-jocs-i-esports-darreu-del-mon.pdf\" target=\"_blank\" rel=\"noopener\">Dossier Jocs<\/a><\/li>\n<li><a href=\"https:\/\/cegarraf.cat\/index.php\/suport-a-la-tasca-docent\/formulari-inscripcio-jocs-i-esports-darreu-del-mon\" target=\"_blank\" rel=\"noopener noreferrer\">Formulari Inscripci\u00f3<\/a><\/li>\n<\/ul>\n<\/li>\n<li><a href=\"https:\/\/cegarraf.cat\/wp-content\/uploads\/Informacio-Activitat-Jocs-Tradicionals-1.pdf\" target=\"_blank\" rel=\"noopener\"><span class=\"pdf\">Jocs Tradicionals (2on)<\/span><\/a>\n<ul>\n<li><a href=\"https:\/\/cegarraf.cat\/wp-content\/uploads\/Dossier-Jocs-Tradicionals-2.pdf\" target=\"_blank\" rel=\"noopener\">Dossier Jocs<\/a><\/li>\n<li><a href=\"https:\/\/cegarraf.cat\/index.php\/suport-a-la-tasca-docent\/formulari-inscripcio-jocs-tradicionals\" target=\"_blank\" rel=\"noopener noreferrer\">Formulari Inscripci\u00f3<\/a><\/li>\n<\/ul>\n<\/li>\n<li><a href=\"https:\/\/cegarraf.cat\/wp-content\/uploads\/Tastet-Nautic-2025-2026.pdf\" target=\"_blank\" rel=\"noopener\">Tastet N\u00e0utic (1er i 2on). DIMARTS 14\/10\/2025<\/a>\n<ul>\n<li>&#8220;El peix globus&#8221;<\/li>\n<li><a href=\"https:\/\/cegarraf.cat\/index.php\/suport-a-la-tasca-docent\/formulari-inscripcio-tastet-nautic-primaria\" target=\"_blank\" rel=\"noopener\">Formulari Inscripci\u00f3<\/a><\/li>\n<\/ul>\n<\/li>\n<\/ul>\n<h3>Cicle Mitj\u00e0 de Prim\u00e0ria<\/h3>\n<ul>\n<li><a href=\"https:\/\/cegarraf.cat\/wp-content\/uploads\/Informacio-Activitat-Jocs-Cooperatius-a-la-Platja-1.pdf\" target=\"_blank\" rel=\"noopener\">Jocs Cooperatius a la platja (3er i 4rt)<\/a>\n<ul>\n<li><a href=\"https:\/\/cegarraf.cat\/wp-content\/uploads\/Dossier-Jocs-Cooperatius-1.pdf\" target=\"_blank\" rel=\"noopener\">Dossier Jocs<\/a><\/li>\n<li><a href=\"https:\/\/cegarraf.cat\/index.php\/suport-a-la-tasca-docent\/formulari-inscripcio-jocs-cooperatius-a-la-platja\" target=\"_blank\" rel=\"noopener noreferrer\">Formulari Inscripci\u00f3<\/a><\/li>\n<\/ul>\n<\/li>\n<li><a href=\"https:\/\/cegarraf.cat\/wp-content\/uploads\/Informacio-Activitat-Miniolimpiades-atletiques-1.pdf\" target=\"_blank\" rel=\"noopener\">Mini Olimp\u00edades Atl\u00e8tiques (4rt)<\/a>\n<ul>\n<li><a href=\"https:\/\/cegarraf.cat\/index.php\/suport-a-la-tasca-docent\/formulari-inscripcio-mini-olimpiades-atletiques\" target=\"_blank\" rel=\"noopener\">Formulari Inscripci\u00f3<\/a><\/li>\n<\/ul>\n<\/li>\n<li><a href=\"https:\/\/cegarraf.cat\/wp-content\/uploads\/Tastet-Nautic-2025-2026.pdf\" target=\"_blank\" rel=\"noopener\">Tastet N\u00e0utic (3er i 4rt). DIMECRES 15\/10\/2025<\/a>\n<ul>\n<li>&#8220;R\u00e0fting Freestyle&#8221;<\/li>\n<li><a href=\"https:\/\/cegarraf.cat\/index.php\/suport-a-la-tasca-docent\/formulari-inscripcio-tastet-nautic-primaria\" target=\"_blank\" rel=\"noopener\">Formulari Inscripci\u00f3<\/a><\/li>\n<\/ul>\n<\/li>\n<\/ul>\n<h3>Cicle Superior de Prim\u00e0ria<\/h3>\n<ul>\n<li><a href=\"https:\/\/cegarraf.cat\/wp-content\/uploads\/Informacio-Activitat-Esports-Collectius-1.pdf\" target=\"_blank\" rel=\"noopener\">Esports Col\u00b7lectius (5\u00e8 i 6\u00e8)<\/a>\n<ul>\n<li><a href=\"https:\/\/cegarraf.cat\/index.php\/suport-a-la-tasca-docent\/formulari-inscripcio-esports-collectius\" target=\"_blank\" rel=\"noopener noreferrer\">Formulari Inscripci\u00f3<\/a><\/li>\n<\/ul>\n<\/li>\n<li><a href=\"https:\/\/cegarraf.cat\/wp-content\/uploads\/Informacio-Activitat-Circuit-dOrientacio.pdf\" target=\"_blank\" rel=\"noopener\"><span class=\"pdf\">Circuit d&#8217;Orientaci\u00f3 (6\u00e8)<\/span><\/a>\n<ul>\n<li><a href=\"https:\/\/cegarraf.cat\/index.php\/suport-a-la-tasca-docent\/formulari-inscripcio-circuit-orientacio\" target=\"_blank\" rel=\"noopener noreferrer\">Formulari Inscripci\u00f3<\/a><\/li>\n<\/ul>\n<\/li>\n<li><a href=\"https:\/\/cegarraf.cat\/wp-content\/uploads\/Tastet-Nautic-2025-2026.pdf\" target=\"_blank\" rel=\"noopener\">Tastet N\u00e0utic (5\u00e8 i 6\u00e8). DIJOUS 16\/10\/2025<\/a>\n<ul>\n<li>&#8220;Cursa entre onades&#8221;<\/li>\n<li><a href=\"https:\/\/cegarraf.cat\/index.php\/suport-a-la-tasca-docent\/formulari-inscripcio-tastet-nautic-primaria\" target=\"_blank\" rel=\"noopener\">Formulari Inscripci\u00f3<\/a><\/li>\n<\/ul>\n<\/li>\n<\/ul>\n<h3>Primer Cicle de Secund\u00e0ria<\/h3>\n<ul>\n<li><a href=\"https:\/\/cegarraf.cat\/wp-content\/uploads\/Informacio-Activitat-Esports-a-la-Platja-1.pdf\" target=\"_blank\" rel=\"noopener\"><span class=\"pdf\">Esports a la Platja (1er i 2on E.S.O)<\/span><\/a>\n<ul>\n<li><a href=\"https:\/\/cegarraf.cat\/index.php\/suport-a-la-tasca-docent\/formulari-inscripcio-esports-a-la-platja\" target=\"_blank\" rel=\"noopener noreferrer\">Formulari Inscripci\u00f3<\/a><\/li>\n<\/ul>\n<\/li>\n<li class=\"pdf\"><a href=\"https:\/\/cegarraf.cat\/wp-content\/uploads\/Informacio-Activitat-Olimpiades-atletiques-1.pdf\" target=\"_blank\" rel=\"noopener\"><span class=\"pdf\">Olimp\u00edades Atl\u00e8tiques (2on E.S.O.)<\/span><\/a>\n<ul>\n<li><a href=\"https:\/\/cegarraf.cat\/index.php\/suport-a-la-tasca-docent\/formulari-inscripcio-olimpiades-atletiques\" target=\"_blank\" rel=\"noopener noreferrer\">Formulari Inscripci\u00f3<\/a><\/li>\n<\/ul>\n<\/li>\n<\/ul>\n<h3>Segon Cicle de Secund\u00e0ria<\/h3>\n<ul>\n<li><a href=\"https:\/\/cegarraf.cat\/wp-content\/uploads\/Informacio-Activitat-Curses-Orientacio-1.pdf\" target=\"_blank\" rel=\"noopener\"><span class=\"pdf\">Curses d\u2019Orientaci\u00f3 (3er i 4rt E.S.O)<\/span><\/a>\n<ul>\n<li><a href=\"https:\/\/cegarraf.cat\/index.php\/suport-a-la-tasca-docent\/formulari-inscripcio-curses-orientacio\" target=\"_blank\" rel=\"noopener noreferrer\">Formulari Inscripci\u00f3<\/a><\/li>\n<\/ul>\n<\/li>\n<li><a href=\"https:\/\/cegarraf.cat\/wp-content\/uploads\/Informacio-Activitat-Esports-amb-Implements-1.pdf\" target=\"_blank\" rel=\"noopener\"><span class=\"pdf\">Esports amb Implements (4rt E.S.O)<\/span><\/a>\n<ul>\n<li>Formulari Inscripci\u00f3<\/li>\n<\/ul>\n<\/li>\n<\/ul>\n<h3>Batxillerat<\/h3>\n<ul>\n<li><a href=\"https:\/\/cegarraf.cat\/wp-content\/uploads\/Informacio-Activitat-Esports-Competitius-1.pdf\" target=\"_blank\" rel=\"noopener\"><span class=\"pdf\">Esports Competitius (1er Batx.)<\/span><\/a>\n<ul>\n<li><a href=\"https:\/\/cegarraf.cat\/index.php\/suport-a-la-tasca-docent\/formulari-inscripcio-esports-competitius\" target=\"_blank\" rel=\"noopener noreferrer\">Formulari Inscripci\u00f3<\/a><\/li>\n<\/ul>\n<\/li>\n<\/ul>\n<h3>Activitats per TOTS els CICLES<\/h3>\n<ul>\n<li><a href=\"https:\/\/cegarraf.cat\/wp-content\/uploads\/Informacio-Activitat-El-Tours-de-la-Masia-den-Cabanyes.pdf\" target=\"_blank\" rel=\"noopener\">El Tour de la Masia d&#8217;en Cabanyes<\/a>\n<ul>\n<li><a href=\"https:\/\/cegarraf.cat\/index.php\/suport-a-la-tasca-docent\/inscripcio-a-cultura-i-esport-a-la-masia-den-cabanyes\" target=\"_blank\" rel=\"noopener noreferrer\">Formulari Inscripci\u00f3<\/a><\/li>\n<\/ul>\n<\/li>\n<li><a href=\"https:\/\/cegarraf.cat\/wp-content\/uploads\/Informacio-Activitat-Activitats-Aquatiques-2.pdf\" target=\"_blank\" rel=\"noopener\"><span class=\"pdf\">Activitats Aqu\u00e0tiques<\/span><\/a>\n<ul>\n<li><a href=\"https:\/\/cegarraf.cat\/index.php\/suport-a-la-tasca-docent\/inscripcio-activitats-aquatiques\" target=\"_blank\" rel=\"noopener noreferrer\">Formulari Inscripci\u00f3<\/a><\/li>\n<li><a href=\"https:\/\/cegarraf.cat\/wp-content\/uploads\/ACTIVITATS-ROCROI-I-CONSELL-ESPORTIU.pdf\" target=\"_blank\" rel=\"noopener\">DOSSIER INFORMACI\u00d3 ACTIVITATS<\/a><\/li>\n<\/ul>\n<\/li>\n<\/ul>\n","protected":false},"excerpt":{"rendered":"<p>Dossier d&#8217;Activitats INFORMACI\u00d3 I CALENDARI Cicle Inicial de Prim\u00e0ria Jocs i Esports d\u2019arreu del M\u00f3n (1er i 2on) Dossier Jocs Formulari Inscripci\u00f3 Jocs Tradicionals (2on) Dossier Jocs Formulari Inscripci\u00f3 Tastet N\u00e0utic (1er i 2on). DIMARTS 14\/10\/2025 &#8220;El peix globus&#8221; Formulari Inscripci\u00f3 Cicle Mitj\u00e0 de Prim\u00e0ria Jocs Cooperatius a la platja (3er i 4rt) Dossier Jocs [&hellip;]<\/p>\n","protected":false},"author":1,"featured_media":0,"parent":0,"menu_order":0,"comment_status":"closed","ping_status":"open","template":"","meta":{"_monsterinsights_skip_tracking":false,"_monsterinsights_sitenote_active":false,"_monsterinsights_sitenote_note":"","_monsterinsights_sitenote_category":0,"footnotes":""},"aioseo_notices":[],"publishpress_future_action":{"enabled":false,"date":"2026-04-13 10:23:29","action":"change-status","newStatus":"draft","terms":[],"taxonomy":""},"_links":{"self":[{"href":"https:\/\/cegarraf.cat\/index.php\/wp-json\/wp\/v2\/pages\/65"}],"collection":[{"href":"https:\/\/cegarraf.cat\/index.php\/wp-json\/wp\/v2\/pages"}],"about":[{"href":"https:\/\/cegarraf.cat\/index.php\/wp-json\/wp\/v2\/types\/page"}],"author":[{"embeddable":true,"href":"https:\/\/cegarraf.cat\/index.php\/wp-json\/wp\/v2\/users\/1"}],"replies":[{"embeddable":true,"href":"https:\/\/cegarraf.cat\/index.php\/wp-json\/wp\/v2\/comments?post=65"}],"version-history":[{"count":145,"href":"https:\/\/cegarraf.cat\/index.php\/wp-json\/wp\/v2\/pages\/65\/revisions"}],"predecessor-version":[{"id":30315,"href":"https:\/\/cegarraf.cat\/index.php\/wp-json\/wp\/v2\/pages\/65\/revisions\/30315"}],"wp:attachment":[{"href":"https:\/\/cegarraf.cat\/index.php\/wp-json\/wp\/v2\/media?parent=65"}],"curies":[{"name":"wp","href":"https:\/\/api.w.org\/{rel}","templated":true}]}}