{"id":62,"date":"2015-07-13T11:40:30","date_gmt":"2015-07-13T10:40:30","guid":{"rendered":"http:\/\/cegarraf.cat\/index2.php\/?page_id=62"},"modified":"2022-09-14T14:55:45","modified_gmt":"2022-09-14T12:55:45","slug":"pla-catala-desport-a-lescola","status":"publish","type":"page","link":"https:\/\/cegarraf.cat\/index.php\/pla-catala-desport-a-lescola","title":{"rendered":"Pla Catal\u00e0 d\u2019Esport a l\u2019Escola"},"content":{"rendered":"<h2>Hist\u00f2ria\u00a0del Pla Catal\u00e0 d\u2019Esport a l\u2019Escola<\/h2>\n<p>Els departaments d\u2019Educaci\u00f3 i de la Presid\u00e8ncia de la Generalitat de Catalunya, mitjan\u00e7ant la secretaria General de l\u2019Esport, han acordat d\u2019impulsar el Pla Catal\u00e0 d\u2019Esport a l\u2019Escola, adre\u00e7at principalment a incrementar la participaci\u00f3 dels infants i joves en activitats f\u00edsiques i esportives en horari no lectiu en el propi centre educatiu i, alhora, emprar aquestes pr\u00e0ctiques per a la difusi\u00f3 i educaci\u00f3 en valors i per a l\u2019adquisici\u00f3 d\u2019h\u00e0bits saludables.<\/p>\n<p>Per a m\u00e9s informaci\u00f3 podeu adre\u00e7ar-vos a la p\u00e0gina web del Consell Catal\u00e0 de L\u2019esport (Esport a l\u2019Escola):<\/p>\n<p><a href=\"http:\/\/esport.gencat.cat\/ca\/arees_dactuacio\/escolar-i-universitari\/esport-escolar\/programes-desport-escolar-\/pla-catala-desport-a-lescola-pcee\/\"><img loading=\"lazy\" decoding=\"async\" class=\"aligncenter wp-image-63 size-full\" src=\"https:\/\/cegarraf.cat\/wp-content\/uploads\/pla-catala-esport-escola.jpg\" alt=\"pla-catala-esport-escola\" width=\"173\" height=\"136\" data-id=\"63\" \/><\/a><\/p>\n<h2>Objectiu del Pla Catal\u00e0 d\u2019Esport a l\u2019Escola<\/h2>\n<p>El Pla t\u00e9 com a objectiu posar a l\u2019abast de tots els alumnes la pr\u00e0ctica d\u2019activitats f\u00edsiques i esportives, i aprofitar el gran potencial d\u2019aquestes activitats per contribuir a la formaci\u00f3 personal i c\u00edvica dels nostres infants i joves.<\/p>\n<p>Els objectius del Pla s\u00f3n:<\/p>\n<ul>\n<li>Incrementar la participaci\u00f3 en activitats f\u00edsiques i esportives en horari no lectiu de l\u2019alumnat dels centres educatius de prim\u00e0ria i de secund\u00e0ria, amb una incid\u00e8ncia especial en el col\u00b7lectiu de noies.<\/li>\n<li>Aprofitar el gran potencial educatiu i formatiu de les activitats f\u00edsiques i esportives, cercant la participaci\u00f3 per damunt de la competitivitat.<\/li>\n<li>Potenciar la funci\u00f3 integradora i de cohesi\u00f3 social de l\u2019esport\u00a0escolar, facilitant l\u2019acc\u00e9s de tots els nens i nenes a la pr\u00e0ctica\u00a0esportiva escolar, i en especial dels nouvinguts.<\/li>\n<li>Contribuir mitjan\u00e7ant la pr\u00e0ctica esportiva a la formaci\u00f3 en valors com la toler\u00e0ncia, el respecte als altres i a les regles, la confian\u00e7a en un mateix, l\u2019esfor\u00e7 de superaci\u00f3, l\u2019autocr\u00edtica, l\u2019autonomia, la capacitat de decisi\u00f3, l\u2019autogesti\u00f3, la cooperaci\u00f3, el treball en equip, entre d\u2019altres.<\/li>\n<li>Fomentar la pr\u00e0ctica regular d\u2019activitats f\u00edsiques i esportives i l\u2019adquisici\u00f3 d\u2019h\u00e0bits saludables que contribueixin a un millor benestar.<\/li>\n<li>Formar joves en els valors ciutadans mitjan\u00e7ant la seva participaci\u00f3 activa en la gesti\u00f3 de les associacions esportives escolars de nova creaci\u00f3.<\/li>\n<\/ul>\n<h2>Agents del Pla Catal\u00e0 d\u2019Esport a l\u2019Escola<\/h2>\n<p>El desenvolupament d\u2019aquest Pla en el territori fa que sigui necess\u00e0ria la intervenci\u00f3 coordinada de diversos agents, entre els quals podem destacar els seg\u00fcents:<\/p>\n<ul>\n<li>Generalitat de Catalunya, mitjan\u00e7ant els Departaments d\u2019Educaci\u00f3 i de la Presid\u00e8ncia (Secretaria General de l\u2019Esport).<\/li>\n<li>Centres Educatius p\u00fablics i privats.<\/li>\n<li>Consells Esportius.<\/li>\n<li>Ajuntament.<\/li>\n<\/ul>\n<h2>Punts claus del Pla Catal\u00e0 d\u2019Esport a l\u2019Escola<\/h2>\n<p>El Pla es basa en una s\u00e8rie d\u2019actuacions entre les quals podem destacar les seg\u00fcents:<\/p>\n<ul>\n<li>Creaci\u00f3 de les Associacions Esportives Escolars als centres educatius, amb la participaci\u00f3 activa dels alumnes de secund\u00e0ria i de la resta de la comunitat educativa (equip directiu i AFA), aix\u00ed com ex alumnes o d\u2019altres persones o entitats del barri.<\/li>\n<li>Professionalitzaci\u00f3 de la coordinaci\u00f3 de les activitats, per mitj\u00e0 d\u2019un professor del centre educatiu, principalment d\u2019Educaci\u00f3 F\u00edsica.<\/li>\n<li>Col\u00b7laboraci\u00f3 entre el centre educatiu, l\u2019ajuntament i el consell esportiu corresponent.<\/li>\n<li>Dinamitzaci\u00f3 per part dels l\u00edders del centre educatiu o del barri.<\/li>\n<li>Oferta d\u2019activitats f\u00edsiques i esportives que responguin als interessos i demandes canviants dels nois i de les noies.<\/li>\n<\/ul>\n<h2>Implicaci\u00f3 dels centres educatius<\/h2>\n<p>La implicaci\u00f3 dels centres educatius que volen participar en el Pla \u00e9s la seg\u00fcent:<\/p>\n<ul>\n<li>Manifestar la voluntat de participar en el Pla Catal\u00e0 d\u2019Esport a l\u2019Escola.<\/li>\n<li>Nomenar un\/a professor\/a del centre com a coordinador\/a del programa al centre:\n<ul>\n<li>A secund\u00e0ria, preferentment, un\/a professor\/a d\u2019Educaci\u00f3 F\u00edsica.<\/li>\n<li>A prim\u00e0ria, preferentment, el mestre especialista d\u2019Educaci\u00f3 F\u00edsica a l\u2019escola.<\/li>\n<\/ul>\n<\/li>\n<li>Comprometre\u2019s a crear l\u2019AEE com a entitat que far\u00e0 possible el desenvolupament del programa, d\u2019acord amb els objectius del Projecte Educatiu de Centre (secund\u00e0ria).<\/li>\n<li>Encarregar a l\u2019AMPA m\u00e9s representativa, per mitj\u00e0 del Consell Escolar, el desenvolupament del programa, d\u2019acord amb els objectius del Projecte Educatiu de centre (prim\u00e0ria).<\/li>\n<li>Facilitar la participaci\u00f3 del coordinador\/a i dels dinamitzadors\/es d\u2019esport a l\u2019escola en sessions de formaci\u00f3 destinades a millorar la qualitat d\u2019aplicaci\u00f3 del Pla.<\/li>\n<li>Establir una col\u00b7laboraci\u00f3 directa amb el Consell Esportiu de la comarca i amb l\u2019ajuntament corresponent per portar a terme actuacions coordinades envers l\u2019Esport a l\u2019Escola.<\/li>\n<li>Demanar el suport econ\u00f2mic del Consell Catal\u00e0 de l\u2019Esport per portar a terme les activitats que es programin.<\/li>\n<li>Comprometre\u2019s a lliurar tots els documents que es demanin des de la Comissi\u00f3 Permanent del Pla.<\/li>\n<\/ul>\n<h2>Centres educatius de la comarca del Garraf<\/h2>\n<p>Els centres educatius de la comarca del Garraf que participen en el Pla Catal\u00e0 de l\u2019Esport a l\u2019Escola aquest curs s\u00f3n els seg\u00fcents:<\/p>\n<table style=\"border-collapse: collapse; width: 100%;\">\n<tbody>\n<tr>\n<td style=\"width: 50%;\">Escola Josep Andreu Charlie Rivel<\/td>\n<td style=\"width: 50%;\">Cubelles<\/td>\n<\/tr>\n<tr>\n<td style=\"width: 50%;\">Institut Les Vinyes<\/td>\n<td style=\"width: 50%;\">Cubelles<\/td>\n<\/tr>\n<tr>\n<td style=\"width: 50%;\">Institut Escola El Morsell<\/td>\n<td style=\"width: 50%;\">Olivella<\/td>\n<\/tr>\n<tr>\n<td style=\"width: 50%;\">Escola Esteve Barrachina<\/td>\n<td style=\"width: 50%;\">Sitges<\/td>\n<\/tr>\n<tr>\n<td style=\"width: 50%;\">Escola Maria Oss\u00f3<\/td>\n<td style=\"width: 50%;\">Sitges<\/td>\n<\/tr>\n<tr>\n<td style=\"width: 50%;\">Escola Miquel Utrillo<\/td>\n<td style=\"width: 50%;\">Sitges<\/td>\n<\/tr>\n<tr>\n<td style=\"width: 50%;\">Escola Canig\u00f3<\/td>\n<td style=\"width: 50%;\">Vilanova i la Geltr\u00fa<\/td>\n<\/tr>\n<tr>\n<td style=\"width: 50%;\">Escola Cosset\u00e0nia<\/td>\n<td style=\"width: 50%;\">Vilanova i la Geltr\u00fa<\/td>\n<\/tr>\n<tr>\n<td style=\"width: 50%;\">Escola El Margall\u00f3<\/td>\n<td style=\"width: 50%;\">Vilanova i la Geltr\u00fa<\/td>\n<\/tr>\n<tr>\n<td style=\"width: 50%;\">Escola \u00cdtaca<\/td>\n<td style=\"width: 50%;\">Vilanova i la Geltr\u00fa<\/td>\n<\/tr>\n<tr>\n<td style=\"width: 50%;\">Escola Llebetx<\/td>\n<td style=\"width: 50%;\">Vilanova i la Geltr\u00fa<\/td>\n<\/tr>\n<tr>\n<td style=\"width: 50%;\">Escola Sant Jordi<\/td>\n<td style=\"width: 50%;\">Vilanova i la Geltr\u00fa<\/td>\n<\/tr>\n<tr>\n<td style=\"width: 50%;\">Institut Dolors Mallafr\u00e8 i Ros<\/td>\n<td style=\"width: 50%;\">Vilanova i la Geltr\u00fa<\/td>\n<\/tr>\n<tr>\n<td style=\"width: 50%;\">Institut Francesc Xavier Lluch i Rafecas<\/td>\n<td style=\"width: 50%;\">Vilanova i la Geltr\u00fa<\/td>\n<\/tr>\n<tr>\n<td style=\"width: 50%;\">Escola El Pi<\/td>\n<td style=\"width: 50%;\">Sant Pere de Ribes<\/td>\n<\/tr>\n<tr>\n<td style=\"width: 50%;\">Escola Els Costerets<\/td>\n<td style=\"width: 50%;\">Sant Pere de Ribes<\/td>\n<\/tr>\n<tr>\n<td style=\"width: 50%;\">Escola Les Parellades<\/td>\n<td style=\"width: 50%;\">Sant Pere de Ribes<\/td>\n<\/tr>\n<tr>\n<td style=\"width: 50%;\">Escola les Roquetes<\/td>\n<td style=\"width: 50%;\">Sant Pere de Ribes<\/td>\n<\/tr>\n<tr>\n<td style=\"width: 50%;\">Escola Mediterr\u00e0nia<\/td>\n<td style=\"width: 50%;\">Sant Pere de Ribes<\/td>\n<\/tr>\n<tr>\n<td style=\"width: 50%;\">Institut Alexandre Gal\u00ed<\/td>\n<td style=\"width: 50%;\">Sant Pere de Ribes<\/td>\n<\/tr>\n<tr>\n<td style=\"width: 50%;\">Institut Can Puig<\/td>\n<td style=\"width: 50%;\">Sant Pere de Ribes<\/td>\n<\/tr>\n<tr>\n<td style=\"width: 50%;\">Institut Montgr\u00f2s<\/td>\n<td style=\"width: 50%;\">Sant Pere de Ribes<\/td>\n<\/tr>\n<tr>\n<td style=\"width: 50%;\">Institut Xaloc<\/td>\n<td style=\"width: 50%;\">Sant Pere de Ribes<\/td>\n<\/tr>\n<\/tbody>\n<\/table>\n<p>&nbsp;<\/p>\n","protected":false},"excerpt":{"rendered":"<p>Hist\u00f2ria\u00a0del Pla Catal\u00e0 d\u2019Esport a l\u2019Escola Els departaments d\u2019Educaci\u00f3 i de la Presid\u00e8ncia de la Generalitat de Catalunya, mitjan\u00e7ant la secretaria General de l\u2019Esport, han acordat d\u2019impulsar el Pla Catal\u00e0 d\u2019Esport a l\u2019Escola, adre\u00e7at principalment a incrementar la participaci\u00f3 dels infants i joves en activitats f\u00edsiques i esportives en horari no lectiu en el propi [&hellip;]<\/p>\n","protected":false},"author":1,"featured_media":0,"parent":0,"menu_order":0,"comment_status":"closed","ping_status":"open","template":"","meta":{"_monsterinsights_skip_tracking":false,"_monsterinsights_sitenote_active":false,"_monsterinsights_sitenote_note":"","_monsterinsights_sitenote_category":0,"footnotes":""},"aioseo_notices":[],"publishpress_future_action":{"enabled":false,"date":"2026-04-13 10:38:09","action":"change-status","newStatus":"draft","terms":[],"taxonomy":""},"_links":{"self":[{"href":"https:\/\/cegarraf.cat\/index.php\/wp-json\/wp\/v2\/pages\/62"}],"collection":[{"href":"https:\/\/cegarraf.cat\/index.php\/wp-json\/wp\/v2\/pages"}],"about":[{"href":"https:\/\/cegarraf.cat\/index.php\/wp-json\/wp\/v2\/types\/page"}],"author":[{"embeddable":true,"href":"https:\/\/cegarraf.cat\/index.php\/wp-json\/wp\/v2\/users\/1"}],"replies":[{"embeddable":true,"href":"https:\/\/cegarraf.cat\/index.php\/wp-json\/wp\/v2\/comments?post=62"}],"version-history":[{"count":43,"href":"https:\/\/cegarraf.cat\/index.php\/wp-json\/wp\/v2\/pages\/62\/revisions"}],"predecessor-version":[{"id":21699,"href":"https:\/\/cegarraf.cat\/index.php\/wp-json\/wp\/v2\/pages\/62\/revisions\/21699"}],"wp:attachment":[{"href":"https:\/\/cegarraf.cat\/index.php\/wp-json\/wp\/v2\/media?parent=62"}],"curies":[{"name":"wp","href":"https:\/\/api.w.org\/{rel}","templated":true}]}}